{"id":52,"date":"2020-11-26T13:44:35","date_gmt":"2020-11-26T12:44:35","guid":{"rendered":"https:\/\/www.levandeo.de\/ratgeber\/?page_id=52"},"modified":"2023-01-19T09:26:35","modified_gmt":"2023-01-19T08:26:35","slug":"startseite","status":"publish","type":"page","link":"https:\/\/www.levandeo.de\/ratgeber\/","title":{"rendered":"Startseite"},"content":{"rendered":"\t\t<div data-elementor-type=\"wp-page\" data-elementor-id=\"52\" class=\"elementor elementor-52\">\n\t\t\t\t\t\t<div class=\"elementor-inner\">\n\t\t\t\t<div class=\"elementor-section-wrap\">\n\t\t\t\t\t\t\t\t\t<section class=\"elementor-section elementor-top-section elementor-element elementor-element-aa1b642 elementor-section-full_width elementor-section-height-default elementor-section-height-default\" data-id=\"aa1b642\" data-element_type=\"section\">\n\t\t\t\t\t\t<div class=\"elementor-container elementor-column-gap-no\">\n\t\t\t\t\t\t\t<div class=\"elementor-row\">\n\t\t\t\t\t<div class=\"elementor-column elementor-col-100 elementor-top-column elementor-element elementor-element-ea87f5e\" data-id=\"ea87f5e\" data-element_type=\"column\">\n\t\t\t<div class=\"elementor-column-wrap elementor-element-populated\">\n\t\t\t\t\t\t\t<div class=\"elementor-widget-wrap\">\n\t\t\t\t\t\t<div class=\"elementor-element elementor-element-5c760f1 elementor--h-position-center elementor--v-position-middle elementor-widget elementor-widget-slides\" data-id=\"5c760f1\" data-element_type=\"widget\" data-settings=\"{&quot;navigation&quot;:&quot;none&quot;,&quot;autoplay&quot;:&quot;yes&quot;,&quot;pause_on_hover&quot;:&quot;yes&quot;,&quot;pause_on_interaction&quot;:&quot;yes&quot;,&quot;autoplay_speed&quot;:5000,&quot;infinite&quot;:&quot;yes&quot;,&quot;transition&quot;:&quot;slide&quot;,&quot;transition_speed&quot;:500}\" data-widget_type=\"slides.default\">\n\t\t\t\t<div class=\"elementor-widget-container\">\n\t\t\t\t\t<div class=\"elementor-swiper\">\n\t\t\t<div class=\"elementor-slides-wrapper elementor-main-swiper swiper-container\" dir=\"ltr\" data-animation=\"fadeInUp\">\n\t\t\t\t<div class=\"swiper-wrapper elementor-slides\">\n\t\t\t\t\t\t\t\t\t\t<div class=\"elementor-repeater-item-395adc6 swiper-slide\"><div class=\"swiper-slide-bg\"><\/div><div class=\"elementor-background-overlay\"><\/div><div class=\"swiper-slide-inner\" ><div class=\"swiper-slide-contents\"><div class=\"elementor-slide-heading\">Dekoration f\u00fcr Haus & Garten - Style your Home<\/div><\/div><\/div><\/div>\t\t\t\t<\/div>\n\t\t\t\t\t\t\t<\/div>\n\t\t<\/div>\n\t\t\t\t<\/div>\n\t\t\t\t<\/div>\n\t\t\t\t\t\t<\/div>\n\t\t\t\t\t<\/div>\n\t\t<\/div>\n\t\t\t\t\t\t\t\t<\/div>\n\t\t\t\t\t<\/div>\n\t\t<\/section>\n\t\t\t\t<section class=\"elementor-section elementor-top-section elementor-element elementor-element-6107a9e elementor-section-boxed elementor-section-height-default elementor-section-height-default\" data-id=\"6107a9e\" data-element_type=\"section\">\n\t\t\t\t\t\t<div class=\"elementor-container elementor-column-gap-default\">\n\t\t\t\t\t\t\t<div class=\"elementor-row\">\n\t\t\t\t\t<div class=\"elementor-column elementor-col-100 elementor-top-column elementor-element elementor-element-fa0da9c\" data-id=\"fa0da9c\" data-element_type=\"column\">\n\t\t\t<div class=\"elementor-column-wrap elementor-element-populated\">\n\t\t\t\t\t\t\t<div class=\"elementor-widget-wrap\">\n\t\t\t\t\t\t<div class=\"elementor-element elementor-element-e9c0fce elementor-widget elementor-widget-heading\" data-id=\"e9c0fce\" data-element_type=\"widget\" data-widget_type=\"heading.default\">\n\t\t\t\t<div class=\"elementor-widget-container\">\n\t\t\t<h1 class=\"elementor-heading-title elementor-size-default\">Aktuelle Deko Trends<\/h1>\t\t<\/div>\n\t\t\t\t<\/div>\n\t\t\t\t\t\t<\/div>\n\t\t\t\t\t<\/div>\n\t\t<\/div>\n\t\t\t\t\t\t\t\t<\/div>\n\t\t\t\t\t<\/div>\n\t\t<\/section>\n\t\t\t\t<section class=\"elementor-section elementor-top-section elementor-element elementor-element-8194880 elementor-section-boxed elementor-section-height-default elementor-section-height-default\" data-id=\"8194880\" data-element_type=\"section\">\n\t\t\t\t\t\t<div class=\"elementor-container elementor-column-gap-default\">\n\t\t\t\t\t\t\t<div class=\"elementor-row\">\n\t\t\t\t\t<div class=\"elementor-column elementor-col-100 elementor-top-column elementor-element elementor-element-2fc0ac2\" data-id=\"2fc0ac2\" data-element_type=\"column\">\n\t\t\t<div class=\"elementor-column-wrap elementor-element-populated\">\n\t\t\t\t\t\t\t<div class=\"elementor-widget-wrap\">\n\t\t\t\t\t\t<div class=\"elementor-element elementor-element-822e52f elementor-posts--align-center elementor-grid-3 elementor-grid-tablet-2 elementor-grid-mobile-1 elementor-posts--thumbnail-top elementor-card-shadow-yes elementor-posts__hover-gradient elementor-widget elementor-widget-posts\" data-id=\"822e52f\" data-element_type=\"widget\" data-settings=\"{&quot;cards_masonry&quot;:&quot;yes&quot;,&quot;cards_columns&quot;:&quot;3&quot;,&quot;cards_columns_tablet&quot;:&quot;2&quot;,&quot;cards_columns_mobile&quot;:&quot;1&quot;,&quot;cards_row_gap&quot;:{&quot;unit&quot;:&quot;px&quot;,&quot;size&quot;:35,&quot;sizes&quot;:[]},&quot;cards_row_gap_tablet&quot;:{&quot;unit&quot;:&quot;px&quot;,&quot;size&quot;:&quot;&quot;,&quot;sizes&quot;:[]},&quot;cards_row_gap_mobile&quot;:{&quot;unit&quot;:&quot;px&quot;,&quot;size&quot;:&quot;&quot;,&quot;sizes&quot;:[]}}\" data-widget_type=\"posts.cards\">\n\t\t\t\t<div class=\"elementor-widget-container\">\n\t\t\t\t\t<div class=\"elementor-posts-container elementor-posts elementor-posts--skin-cards elementor-grid\">\n\t\t\t\t<article class=\"elementor-post elementor-grid-item post-2896 post type-post status-publish format-standard has-post-thumbnail hentry category-home-living\">\n\t\t\t<div class=\"elementor-post__card\">\n\t\t\t\t<a class=\"elementor-post__thumbnail__link\" href=\"https:\/\/www.levandeo.de\/ratgeber\/licht-im-herbst-kerzen-windlichter-und-spiegel-fuer-stimmungsvolle-abende\/\" ><div class=\"elementor-post__thumbnail\"><img width=\"300\" height=\"107\" src=\"https:\/\/www.levandeo.de\/ratgeber\/wp-content\/uploads\/2025\/10\/Licht-im-Herbst-Kerzen-Windlichter-und-Spiegel-fuer-stimmungsvolle-Abende-300x107.jpg\" class=\"attachment-medium size-medium wp-image-2868\" alt=\"Licht im Herbst - Kerzen, Windlichter und Spiegel f\u00fcr stimmungsvolle Abende\" decoding=\"async\" loading=\"lazy\" srcset=\"https:\/\/www.levandeo.de\/ratgeber\/wp-content\/uploads\/2025\/10\/Licht-im-Herbst-Kerzen-Windlichter-und-Spiegel-fuer-stimmungsvolle-Abende-300x107.jpg 300w, https:\/\/www.levandeo.de\/ratgeber\/wp-content\/uploads\/2025\/10\/Licht-im-Herbst-Kerzen-Windlichter-und-Spiegel-fuer-stimmungsvolle-Abende-1024x366.jpg 1024w, https:\/\/www.levandeo.de\/ratgeber\/wp-content\/uploads\/2025\/10\/Licht-im-Herbst-Kerzen-Windlichter-und-Spiegel-fuer-stimmungsvolle-Abende-768x274.jpg 768w, https:\/\/www.levandeo.de\/ratgeber\/wp-content\/uploads\/2025\/10\/Licht-im-Herbst-Kerzen-Windlichter-und-Spiegel-fuer-stimmungsvolle-Abende.jpg 1120w\" sizes=\"(max-width: 300px) 100vw, 300px\" \/><\/div><\/a>\n\t\t\t\t<div class=\"elementor-post__text\">\n\t\t\t\t<h3 class=\"elementor-post__title\">\n\t\t\t<a href=\"https:\/\/www.levandeo.de\/ratgeber\/licht-im-herbst-kerzen-windlichter-und-spiegel-fuer-stimmungsvolle-abende\/\" >\n\t\t\t\tLicht im Herbst &#8211; Kerzen, Windlichter und Spiegel f\u00fcr stimmungsvolle Abende\t\t\t<\/a>\n\t\t<\/h3>\n\t\t\t\t<\/div>\n\t\t\t\t\t<\/div>\n\t\t<\/article>\n\t\t\t\t<article class=\"elementor-post elementor-grid-item post-2869 post type-post status-publish format-standard has-post-thumbnail hentry category-bilderrahmen\">\n\t\t\t<div class=\"elementor-post__card\">\n\t\t\t\t<a class=\"elementor-post__thumbnail__link\" href=\"https:\/\/www.levandeo.de\/ratgeber\/gemuetlichkeit-an-der-wand-bilderrahmen-und-wandobjekte-fuer-herbstliche-stimmung\/\" ><div class=\"elementor-post__thumbnail\"><img width=\"300\" height=\"107\" src=\"https:\/\/www.levandeo.de\/ratgeber\/wp-content\/uploads\/2025\/10\/Gemuetlichkeit-an-der-Wand-Bilderrahmen-und-Wandobjekte-fuer-herbstliche-Stimmung-300x107.jpg\" class=\"attachment-medium size-medium wp-image-2867\" alt=\"Gem\u00fctlichkeit an der Wand - Bilderrahmen und Wandobjekte f\u00fcr herbstliche Stimmung\" decoding=\"async\" loading=\"lazy\" srcset=\"https:\/\/www.levandeo.de\/ratgeber\/wp-content\/uploads\/2025\/10\/Gemuetlichkeit-an-der-Wand-Bilderrahmen-und-Wandobjekte-fuer-herbstliche-Stimmung-300x107.jpg 300w, https:\/\/www.levandeo.de\/ratgeber\/wp-content\/uploads\/2025\/10\/Gemuetlichkeit-an-der-Wand-Bilderrahmen-und-Wandobjekte-fuer-herbstliche-Stimmung-1024x366.jpg 1024w, https:\/\/www.levandeo.de\/ratgeber\/wp-content\/uploads\/2025\/10\/Gemuetlichkeit-an-der-Wand-Bilderrahmen-und-Wandobjekte-fuer-herbstliche-Stimmung-768x274.jpg 768w, https:\/\/www.levandeo.de\/ratgeber\/wp-content\/uploads\/2025\/10\/Gemuetlichkeit-an-der-Wand-Bilderrahmen-und-Wandobjekte-fuer-herbstliche-Stimmung.jpg 1120w\" sizes=\"(max-width: 300px) 100vw, 300px\" \/><\/div><\/a>\n\t\t\t\t<div class=\"elementor-post__text\">\n\t\t\t\t<h3 class=\"elementor-post__title\">\n\t\t\t<a href=\"https:\/\/www.levandeo.de\/ratgeber\/gemuetlichkeit-an-der-wand-bilderrahmen-und-wandobjekte-fuer-herbstliche-stimmung\/\" >\n\t\t\t\tGem\u00fctlichkeit an der Wand &#8211; Bilderrahmen und Wandobjekte f\u00fcr herbstliche Stimmung\t\t\t<\/a>\n\t\t<\/h3>\n\t\t\t\t<\/div>\n\t\t\t\t\t<\/div>\n\t\t<\/article>\n\t\t\t\t<article class=\"elementor-post elementor-grid-item post-2853 post type-post status-publish format-standard has-post-thumbnail hentry category-dekoration\">\n\t\t\t<div class=\"elementor-post__card\">\n\t\t\t\t<a class=\"elementor-post__thumbnail__link\" href=\"https:\/\/www.levandeo.de\/ratgeber\/dekotipps-fuer-kleine-raeume-so-wirken-mini-flaechen-grosszuegig\/\" ><div class=\"elementor-post__thumbnail\"><img width=\"300\" height=\"107\" src=\"https:\/\/www.levandeo.de\/ratgeber\/wp-content\/uploads\/2025\/10\/Dekotipps-fuer-kleine-Raeume-So-wirken-Mini-Flaechen-grosszuegig-1-300x107.png\" class=\"attachment-medium size-medium wp-image-2860\" alt=\"Dekotipps f\u00fcr kleine R\u00e4ume: So wirken Mini-Fl\u00e4chen gro\u00dfz\u00fcgig\" decoding=\"async\" loading=\"lazy\" srcset=\"https:\/\/www.levandeo.de\/ratgeber\/wp-content\/uploads\/2025\/10\/Dekotipps-fuer-kleine-Raeume-So-wirken-Mini-Flaechen-grosszuegig-1-300x107.png 300w, https:\/\/www.levandeo.de\/ratgeber\/wp-content\/uploads\/2025\/10\/Dekotipps-fuer-kleine-Raeume-So-wirken-Mini-Flaechen-grosszuegig-1-1024x366.png 1024w, https:\/\/www.levandeo.de\/ratgeber\/wp-content\/uploads\/2025\/10\/Dekotipps-fuer-kleine-Raeume-So-wirken-Mini-Flaechen-grosszuegig-1-768x274.png 768w, https:\/\/www.levandeo.de\/ratgeber\/wp-content\/uploads\/2025\/10\/Dekotipps-fuer-kleine-Raeume-So-wirken-Mini-Flaechen-grosszuegig-1.png 1120w\" sizes=\"(max-width: 300px) 100vw, 300px\" \/><\/div><\/a>\n\t\t\t\t<div class=\"elementor-post__text\">\n\t\t\t\t<h3 class=\"elementor-post__title\">\n\t\t\t<a href=\"https:\/\/www.levandeo.de\/ratgeber\/dekotipps-fuer-kleine-raeume-so-wirken-mini-flaechen-grosszuegig\/\" >\n\t\t\t\tDekotipps f\u00fcr kleine R\u00e4ume: So wirken Mini-Fl\u00e4chen gro\u00dfz\u00fcgig\t\t\t<\/a>\n\t\t<\/h3>\n\t\t\t\t<\/div>\n\t\t\t\t\t<\/div>\n\t\t<\/article>\n\t\t\t\t<article class=\"elementor-post elementor-grid-item post-2837 post type-post status-publish format-standard has-post-thumbnail hentry category-dekoration\">\n\t\t\t<div class=\"elementor-post__card\">\n\t\t\t\t<a class=\"elementor-post__thumbnail__link\" href=\"https:\/\/www.levandeo.de\/ratgeber\/natuerliche-akzente-im-herbst-setzen-dekoideen-mit-holz-glas-und-trockenblumen\/\" ><div class=\"elementor-post__thumbnail\"><img width=\"300\" height=\"107\" src=\"https:\/\/www.levandeo.de\/ratgeber\/wp-content\/uploads\/2025\/10\/Natuerliche-Akzente-im-Herbst-setzen-Dekoideen-mit-Holz-Glas-und-Trockenblumen-300x107.png\" class=\"attachment-medium size-medium wp-image-2851\" alt=\"Nat\u00fcrliche Akzente im Herbst setzen - Dekoideen mit Holz, Glas und Trockenblumen\" decoding=\"async\" loading=\"lazy\" srcset=\"https:\/\/www.levandeo.de\/ratgeber\/wp-content\/uploads\/2025\/10\/Natuerliche-Akzente-im-Herbst-setzen-Dekoideen-mit-Holz-Glas-und-Trockenblumen-300x107.png 300w, https:\/\/www.levandeo.de\/ratgeber\/wp-content\/uploads\/2025\/10\/Natuerliche-Akzente-im-Herbst-setzen-Dekoideen-mit-Holz-Glas-und-Trockenblumen-1024x366.png 1024w, https:\/\/www.levandeo.de\/ratgeber\/wp-content\/uploads\/2025\/10\/Natuerliche-Akzente-im-Herbst-setzen-Dekoideen-mit-Holz-Glas-und-Trockenblumen-768x274.png 768w, https:\/\/www.levandeo.de\/ratgeber\/wp-content\/uploads\/2025\/10\/Natuerliche-Akzente-im-Herbst-setzen-Dekoideen-mit-Holz-Glas-und-Trockenblumen.png 1120w\" sizes=\"(max-width: 300px) 100vw, 300px\" \/><\/div><\/a>\n\t\t\t\t<div class=\"elementor-post__text\">\n\t\t\t\t<h3 class=\"elementor-post__title\">\n\t\t\t<a href=\"https:\/\/www.levandeo.de\/ratgeber\/natuerliche-akzente-im-herbst-setzen-dekoideen-mit-holz-glas-und-trockenblumen\/\" >\n\t\t\t\tNat\u00fcrliche Akzente im Herbst setzen &#8211; Dekoideen mit Holz, Glas und Trockenblumen\t\t\t<\/a>\n\t\t<\/h3>\n\t\t\t\t<\/div>\n\t\t\t\t\t<\/div>\n\t\t<\/article>\n\t\t\t\t<article class=\"elementor-post elementor-grid-item post-2816 post type-post status-publish format-standard has-post-thumbnail hentry category-dekoration\">\n\t\t\t<div class=\"elementor-post__card\">\n\t\t\t\t<a class=\"elementor-post__thumbnail__link\" href=\"https:\/\/www.levandeo.de\/ratgeber\/saisonale-wanddeko-stimmungsvolle-ideen-fuer-fruehling-sommer-herbst-winter\/\" ><div class=\"elementor-post__thumbnail\"><img width=\"300\" height=\"107\" src=\"https:\/\/www.levandeo.de\/ratgeber\/wp-content\/uploads\/2025\/09\/Saisonale-Wanddeko-Stimmungsvolle-Ideen-fuer-Fruehling-Sommer-Herbst-Winter-300x107.jpg\" class=\"attachment-medium size-medium wp-image-2830\" alt=\"Saisonale Wanddeko - Stimmungsvolle Ideen f\u00fcr Fr\u00fchling, Sommer, Herbst &amp; Winter\" decoding=\"async\" loading=\"lazy\" srcset=\"https:\/\/www.levandeo.de\/ratgeber\/wp-content\/uploads\/2025\/09\/Saisonale-Wanddeko-Stimmungsvolle-Ideen-fuer-Fruehling-Sommer-Herbst-Winter-300x107.jpg 300w, https:\/\/www.levandeo.de\/ratgeber\/wp-content\/uploads\/2025\/09\/Saisonale-Wanddeko-Stimmungsvolle-Ideen-fuer-Fruehling-Sommer-Herbst-Winter-1024x366.jpg 1024w, https:\/\/www.levandeo.de\/ratgeber\/wp-content\/uploads\/2025\/09\/Saisonale-Wanddeko-Stimmungsvolle-Ideen-fuer-Fruehling-Sommer-Herbst-Winter-768x274.jpg 768w, https:\/\/www.levandeo.de\/ratgeber\/wp-content\/uploads\/2025\/09\/Saisonale-Wanddeko-Stimmungsvolle-Ideen-fuer-Fruehling-Sommer-Herbst-Winter.jpg 1120w\" sizes=\"(max-width: 300px) 100vw, 300px\" \/><\/div><\/a>\n\t\t\t\t<div class=\"elementor-post__text\">\n\t\t\t\t<h3 class=\"elementor-post__title\">\n\t\t\t<a href=\"https:\/\/www.levandeo.de\/ratgeber\/saisonale-wanddeko-stimmungsvolle-ideen-fuer-fruehling-sommer-herbst-winter\/\" >\n\t\t\t\tSaisonale Wanddeko &#8211; Stimmungsvolle Ideen f\u00fcr Fr\u00fchling, Sommer, Herbst &#038; Winter\t\t\t<\/a>\n\t\t<\/h3>\n\t\t\t\t<\/div>\n\t\t\t\t\t<\/div>\n\t\t<\/article>\n\t\t\t\t<article class=\"elementor-post elementor-grid-item post-2803 post type-post status-publish format-standard has-post-thumbnail hentry category-bilderrahmen\">\n\t\t\t<div class=\"elementor-post__card\">\n\t\t\t\t<a class=\"elementor-post__thumbnail__link\" href=\"https:\/\/www.levandeo.de\/ratgeber\/bilderrahmen-richtig-in-szene-gesetzt-die-kunst-der-bildkomposition\/\" ><div class=\"elementor-post__thumbnail\"><img width=\"300\" height=\"107\" src=\"https:\/\/www.levandeo.de\/ratgeber\/wp-content\/uploads\/2025\/09\/Bilderrahmen-richtig-in-Szene-gesetzt_Die-Kunst-der-Bildkomposition-300x107.jpg\" class=\"attachment-medium size-medium wp-image-2814\" alt=\"Bilderrahmen richtig in Szene gesetzt: Die Kunst der Bildkomposition\" decoding=\"async\" loading=\"lazy\" srcset=\"https:\/\/www.levandeo.de\/ratgeber\/wp-content\/uploads\/2025\/09\/Bilderrahmen-richtig-in-Szene-gesetzt_Die-Kunst-der-Bildkomposition-300x107.jpg 300w, https:\/\/www.levandeo.de\/ratgeber\/wp-content\/uploads\/2025\/09\/Bilderrahmen-richtig-in-Szene-gesetzt_Die-Kunst-der-Bildkomposition-1024x366.jpg 1024w, https:\/\/www.levandeo.de\/ratgeber\/wp-content\/uploads\/2025\/09\/Bilderrahmen-richtig-in-Szene-gesetzt_Die-Kunst-der-Bildkomposition-768x274.jpg 768w, https:\/\/www.levandeo.de\/ratgeber\/wp-content\/uploads\/2025\/09\/Bilderrahmen-richtig-in-Szene-gesetzt_Die-Kunst-der-Bildkomposition.jpg 1120w\" sizes=\"(max-width: 300px) 100vw, 300px\" \/><\/div><\/a>\n\t\t\t\t<div class=\"elementor-post__text\">\n\t\t\t\t<h3 class=\"elementor-post__title\">\n\t\t\t<a href=\"https:\/\/www.levandeo.de\/ratgeber\/bilderrahmen-richtig-in-szene-gesetzt-die-kunst-der-bildkomposition\/\" >\n\t\t\t\tBilderrahmen richtig in Szene gesetzt: Die Kunst der Bildkomposition\t\t\t<\/a>\n\t\t<\/h3>\n\t\t\t\t<\/div>\n\t\t\t\t\t<\/div>\n\t\t<\/article>\n\t\t\t\t<\/div>\n\t\t\n\t\t\t\t<\/div>\n\t\t\t\t<\/div>\n\t\t\t\t\t\t<\/div>\n\t\t\t\t\t<\/div>\n\t\t<\/div>\n\t\t\t\t\t\t\t\t<\/div>\n\t\t\t\t\t<\/div>\n\t\t<\/section>\n\t\t\t\t\t\t\t\t\t<\/div>\n\t\t\t<\/div>\n\t\t\t\t\t<\/div>\n\t\t","protected":false},"excerpt":{"rendered":"<p>Dekoration f\u00fcr Haus &amp; Garten &#8211; Style your Home Aktuelle Deko Trends<\/p>\n","protected":false},"author":1,"featured_media":0,"parent":0,"menu_order":0,"comment_status":"closed","ping_status":"closed","template":"elementor_header_footer","meta":[],"_links":{"self":[{"href":"https:\/\/www.levandeo.de\/ratgeber\/wp-json\/wp\/v2\/pages\/52"}],"collection":[{"href":"https:\/\/www.levandeo.de\/ratgeber\/wp-json\/wp\/v2\/pages"}],"about":[{"href":"https:\/\/www.levandeo.de\/ratgeber\/wp-json\/wp\/v2\/types\/page"}],"author":[{"embeddable":true,"href":"https:\/\/www.levandeo.de\/ratgeber\/wp-json\/wp\/v2\/users\/1"}],"replies":[{"embeddable":true,"href":"https:\/\/www.levandeo.de\/ratgeber\/wp-json\/wp\/v2\/comments?post=52"}],"version-history":[{"count":188,"href":"https:\/\/www.levandeo.de\/ratgeber\/wp-json\/wp\/v2\/pages\/52\/revisions"}],"predecessor-version":[{"id":917,"href":"https:\/\/www.levandeo.de\/ratgeber\/wp-json\/wp\/v2\/pages\/52\/revisions\/917"}],"wp:attachment":[{"href":"https:\/\/www.levandeo.de\/ratgeber\/wp-json\/wp\/v2\/media?parent=52"}],"curies":[{"name":"wp","href":"https:\/\/api.w.org\/{rel}","templated":true}]}}