{"id":309,"date":"2020-11-27T13:18:56","date_gmt":"2020-11-27T12:18:56","guid":{"rendered":"https:\/\/www.levandeo.de\/ratgeber\/?page_id=309"},"modified":"2023-08-04T08:25:19","modified_gmt":"2023-08-04T06:25:19","slug":"garten","status":"publish","type":"page","link":"https:\/\/www.levandeo.de\/ratgeber\/garten\/","title":{"rendered":"Gartenideen"},"content":{"rendered":"\t\t<div data-elementor-type=\"wp-page\" data-elementor-id=\"309\" class=\"elementor elementor-309\">\n\t\t\t\t\t\t<div class=\"elementor-inner\">\n\t\t\t\t<div class=\"elementor-section-wrap\">\n\t\t\t\t\t\t\t\t\t<section class=\"elementor-section elementor-top-section elementor-element elementor-element-65517a9 elementor-section-boxed elementor-section-height-default elementor-section-height-default\" data-id=\"65517a9\" data-element_type=\"section\" data-settings=\"{&quot;background_background&quot;:&quot;classic&quot;}\">\n\t\t\t\t\t\t<div class=\"elementor-container elementor-column-gap-default\">\n\t\t\t\t\t\t\t<div class=\"elementor-row\">\n\t\t\t\t\t<div class=\"elementor-column elementor-col-100 elementor-top-column elementor-element elementor-element-f2d702c\" data-id=\"f2d702c\" data-element_type=\"column\" data-settings=\"{&quot;background_background&quot;:&quot;classic&quot;}\">\n\t\t\t<div class=\"elementor-column-wrap elementor-element-populated\">\n\t\t\t\t\t\t\t<div class=\"elementor-widget-wrap\">\n\t\t\t\t\t\t<div class=\"elementor-element elementor-element-c7e88ea elementor-widget elementor-widget-global elementor-global-923 elementor-widget-breadcrumbs\" data-id=\"c7e88ea\" data-element_type=\"widget\" data-widget_type=\"breadcrumbs.default\">\n\t\t\t\t<div class=\"elementor-widget-container\">\n\t\t\t<nav aria-label=\"breadcrumbs\" class=\"rank-math-breadcrumb\"><p><span class=\"last\">Startseite<\/span><\/p><\/nav>\t\t<\/div>\n\t\t\t\t<\/div>\n\t\t\t\t\t\t<\/div>\n\t\t\t\t\t<\/div>\n\t\t<\/div>\n\t\t\t\t\t\t\t\t<\/div>\n\t\t\t\t\t<\/div>\n\t\t<\/section>\n\t\t\t\t<section class=\"elementor-section elementor-top-section elementor-element elementor-element-5ba89300 elementor-section-boxed elementor-section-height-default elementor-section-height-default\" data-id=\"5ba89300\" data-element_type=\"section\" data-settings=\"{&quot;background_background&quot;:&quot;classic&quot;}\">\n\t\t\t\t\t\t<div class=\"elementor-container elementor-column-gap-default\">\n\t\t\t\t\t\t\t<div class=\"elementor-row\">\n\t\t\t\t\t<div class=\"elementor-column elementor-col-100 elementor-top-column elementor-element elementor-element-582fb646\" data-id=\"582fb646\" data-element_type=\"column\" data-settings=\"{&quot;background_background&quot;:&quot;classic&quot;}\">\n\t\t\t<div class=\"elementor-column-wrap elementor-element-populated\">\n\t\t\t\t\t\t\t<div class=\"elementor-widget-wrap\">\n\t\t\t\t\t\t\t\t<\/div>\n\t\t\t\t\t<\/div>\n\t\t<\/div>\n\t\t\t\t\t\t\t\t<\/div>\n\t\t\t\t\t<\/div>\n\t\t<\/section>\n\t\t\t\t<section class=\"elementor-section elementor-top-section elementor-element elementor-element-4bcee49d elementor-section-boxed elementor-section-height-default elementor-section-height-default\" data-id=\"4bcee49d\" data-element_type=\"section\">\n\t\t\t\t\t\t<div class=\"elementor-container elementor-column-gap-default\">\n\t\t\t\t\t\t\t<div class=\"elementor-row\">\n\t\t\t\t\t<div class=\"elementor-column elementor-col-100 elementor-top-column elementor-element elementor-element-248443d7\" data-id=\"248443d7\" data-element_type=\"column\">\n\t\t\t<div class=\"elementor-column-wrap elementor-element-populated\">\n\t\t\t\t\t\t\t<div class=\"elementor-widget-wrap\">\n\t\t\t\t\t\t<div class=\"elementor-element elementor-element-6ed4f446 elementor-posts--align-center elementor-grid-3 elementor-grid-tablet-2 elementor-grid-mobile-1 elementor-posts--thumbnail-top elementor-card-shadow-yes elementor-posts__hover-gradient elementor-widget elementor-widget-posts\" data-id=\"6ed4f446\" data-element_type=\"widget\" data-settings=\"{&quot;cards_masonry&quot;:&quot;yes&quot;,&quot;pagination_type&quot;:&quot;numbers&quot;,&quot;cards_columns&quot;:&quot;3&quot;,&quot;cards_columns_tablet&quot;:&quot;2&quot;,&quot;cards_columns_mobile&quot;:&quot;1&quot;,&quot;cards_row_gap&quot;:{&quot;unit&quot;:&quot;px&quot;,&quot;size&quot;:35,&quot;sizes&quot;:[]},&quot;cards_row_gap_tablet&quot;:{&quot;unit&quot;:&quot;px&quot;,&quot;size&quot;:&quot;&quot;,&quot;sizes&quot;:[]},&quot;cards_row_gap_mobile&quot;:{&quot;unit&quot;:&quot;px&quot;,&quot;size&quot;:&quot;&quot;,&quot;sizes&quot;:[]}}\" data-widget_type=\"posts.cards\">\n\t\t\t\t<div class=\"elementor-widget-container\">\n\t\t\t\t\t<div class=\"elementor-posts-container elementor-posts elementor-posts--skin-cards elementor-grid\">\n\t\t\t\t<article class=\"elementor-post elementor-grid-item post-2717 post type-post status-publish format-standard has-post-thumbnail hentry category-gartenideen\">\n\t\t\t<div class=\"elementor-post__card\">\n\t\t\t\t<a class=\"elementor-post__thumbnail__link\" href=\"https:\/\/www.levandeo.de\/ratgeber\/sommer-im-garten-deko-ideen-fuer-sommerliche-leichtigkeit-im-gruenen\/\" ><div class=\"elementor-post__thumbnail\"><img width=\"300\" height=\"107\" src=\"https:\/\/www.levandeo.de\/ratgeber\/wp-content\/uploads\/2025\/07\/Sommer-im-Garten-Deko-Ideen-fuer-sommerliche-Leichtigkeit-im-Gruenen-300x107.jpg\" class=\"attachment-medium size-medium wp-image-2737\" alt=\"Sommer im Garten - Deko-Ideen f\u00fcr sommerliche Leichtigkeit im Gr\u00fcnen\" decoding=\"async\" loading=\"lazy\" srcset=\"https:\/\/www.levandeo.de\/ratgeber\/wp-content\/uploads\/2025\/07\/Sommer-im-Garten-Deko-Ideen-fuer-sommerliche-Leichtigkeit-im-Gruenen-300x107.jpg 300w, https:\/\/www.levandeo.de\/ratgeber\/wp-content\/uploads\/2025\/07\/Sommer-im-Garten-Deko-Ideen-fuer-sommerliche-Leichtigkeit-im-Gruenen-1024x366.jpg 1024w, https:\/\/www.levandeo.de\/ratgeber\/wp-content\/uploads\/2025\/07\/Sommer-im-Garten-Deko-Ideen-fuer-sommerliche-Leichtigkeit-im-Gruenen-768x274.jpg 768w, https:\/\/www.levandeo.de\/ratgeber\/wp-content\/uploads\/2025\/07\/Sommer-im-Garten-Deko-Ideen-fuer-sommerliche-Leichtigkeit-im-Gruenen.jpg 1120w\" sizes=\"(max-width: 300px) 100vw, 300px\" \/><\/div><\/a>\n\t\t\t\t<div class=\"elementor-post__text\">\n\t\t\t\t<h3 class=\"elementor-post__title\">\n\t\t\t<a href=\"https:\/\/www.levandeo.de\/ratgeber\/sommer-im-garten-deko-ideen-fuer-sommerliche-leichtigkeit-im-gruenen\/\" >\n\t\t\t\tSommer im Garten &#8211; Deko-Ideen f\u00fcr sommerliche Leichtigkeit im Gr\u00fcnen\t\t\t<\/a>\n\t\t<\/h3>\n\t\t\t\t<\/div>\n\t\t\t\t\t<\/div>\n\t\t<\/article>\n\t\t\t\t<article class=\"elementor-post elementor-grid-item post-2533 post type-post status-publish format-standard has-post-thumbnail hentry category-gartenideen\">\n\t\t\t<div class=\"elementor-post__card\">\n\t\t\t\t<a class=\"elementor-post__thumbnail__link\" href=\"https:\/\/www.levandeo.de\/ratgeber\/fruehlingshaften-garten-dekorieren-so-gestalten-sie-ihren-garten-passend-zur-jahreszeit\/\" ><div class=\"elementor-post__thumbnail\"><img width=\"300\" height=\"107\" src=\"https:\/\/www.levandeo.de\/ratgeber\/wp-content\/uploads\/2025\/04\/Fruehlingshaften-Garten-dekorieren-So-gestalten-Sie-Ihren-Garten-passend-zur-Jahreszeit-300x107.jpg\" class=\"attachment-medium size-medium wp-image-2547\" alt=\"Fr\u00fchlingshaften Garten dekorieren - So gestalten Sie Ihren Garten passend zur Jahreszeit\" decoding=\"async\" loading=\"lazy\" srcset=\"https:\/\/www.levandeo.de\/ratgeber\/wp-content\/uploads\/2025\/04\/Fruehlingshaften-Garten-dekorieren-So-gestalten-Sie-Ihren-Garten-passend-zur-Jahreszeit-300x107.jpg 300w, https:\/\/www.levandeo.de\/ratgeber\/wp-content\/uploads\/2025\/04\/Fruehlingshaften-Garten-dekorieren-So-gestalten-Sie-Ihren-Garten-passend-zur-Jahreszeit-1024x366.jpg 1024w, https:\/\/www.levandeo.de\/ratgeber\/wp-content\/uploads\/2025\/04\/Fruehlingshaften-Garten-dekorieren-So-gestalten-Sie-Ihren-Garten-passend-zur-Jahreszeit-768x274.jpg 768w, https:\/\/www.levandeo.de\/ratgeber\/wp-content\/uploads\/2025\/04\/Fruehlingshaften-Garten-dekorieren-So-gestalten-Sie-Ihren-Garten-passend-zur-Jahreszeit.jpg 1120w\" sizes=\"(max-width: 300px) 100vw, 300px\" \/><\/div><\/a>\n\t\t\t\t<div class=\"elementor-post__text\">\n\t\t\t\t<h3 class=\"elementor-post__title\">\n\t\t\t<a href=\"https:\/\/www.levandeo.de\/ratgeber\/fruehlingshaften-garten-dekorieren-so-gestalten-sie-ihren-garten-passend-zur-jahreszeit\/\" >\n\t\t\t\tFr\u00fchlingshaften Garten dekorieren &#8211; So gestalten Sie Ihren Garten passend zur Jahreszeit\t\t\t<\/a>\n\t\t<\/h3>\n\t\t\t\t<\/div>\n\t\t\t\t\t<\/div>\n\t\t<\/article>\n\t\t\t\t<article class=\"elementor-post elementor-grid-item post-2334 post type-post status-publish format-standard has-post-thumbnail hentry category-allgemein category-gartenideen\">\n\t\t\t<div class=\"elementor-post__card\">\n\t\t\t\t<a class=\"elementor-post__thumbnail__link\" href=\"https:\/\/www.levandeo.de\/ratgeber\/winterliche-gartenecke-gestalten-so-wird-ihr-garten-auch-im-winter-gemuetlich\/\" ><div class=\"elementor-post__thumbnail\"><img width=\"300\" height=\"107\" src=\"https:\/\/www.levandeo.de\/ratgeber\/wp-content\/uploads\/2024\/11\/wintergarten-300x107.jpg\" class=\"attachment-medium size-medium wp-image-2335\" alt=\"winterliche-gartenecke-gestalten-so-wird-ihr-garten-auch-im-winter-gemuetlich\" decoding=\"async\" loading=\"lazy\" srcset=\"https:\/\/www.levandeo.de\/ratgeber\/wp-content\/uploads\/2024\/11\/wintergarten-300x107.jpg 300w, https:\/\/www.levandeo.de\/ratgeber\/wp-content\/uploads\/2024\/11\/wintergarten-1024x366.jpg 1024w, https:\/\/www.levandeo.de\/ratgeber\/wp-content\/uploads\/2024\/11\/wintergarten-768x274.jpg 768w, https:\/\/www.levandeo.de\/ratgeber\/wp-content\/uploads\/2024\/11\/wintergarten.jpg 1120w\" sizes=\"(max-width: 300px) 100vw, 300px\" \/><\/div><\/a>\n\t\t\t\t<div class=\"elementor-post__text\">\n\t\t\t\t<h3 class=\"elementor-post__title\">\n\t\t\t<a href=\"https:\/\/www.levandeo.de\/ratgeber\/winterliche-gartenecke-gestalten-so-wird-ihr-garten-auch-im-winter-gemuetlich\/\" >\n\t\t\t\tWinterliche Gartenecke gestalten: So wird Ihr Garten auch im Winter gem\u00fctlich\t\t\t<\/a>\n\t\t<\/h3>\n\t\t\t\t<\/div>\n\t\t\t\t\t<\/div>\n\t\t<\/article>\n\t\t\t\t<article class=\"elementor-post elementor-grid-item post-2231 post type-post status-publish format-standard has-post-thumbnail hentry category-gartenideen\">\n\t\t\t<div class=\"elementor-post__card\">\n\t\t\t\t<a class=\"elementor-post__thumbnail__link\" href=\"https:\/\/www.levandeo.de\/ratgeber\/herbstliche-deko-ideen-fuer-ihren-garten-so-wird-er-zum-hingucker\/\" ><div class=\"elementor-post__thumbnail\"><img width=\"300\" height=\"107\" src=\"https:\/\/www.levandeo.de\/ratgeber\/wp-content\/uploads\/2024\/09\/Herbstliche-Deko-Ideen-fuer-Ihren-Garten-So-wird-er-zum-Hingucker-300x107.jpg\" class=\"attachment-medium size-medium wp-image-2247\" alt=\"Herbstliche Deko-Ideen f\u00fcr Ihren Garten - So wird er zum Hingucker\" decoding=\"async\" loading=\"lazy\" srcset=\"https:\/\/www.levandeo.de\/ratgeber\/wp-content\/uploads\/2024\/09\/Herbstliche-Deko-Ideen-fuer-Ihren-Garten-So-wird-er-zum-Hingucker-300x107.jpg 300w, https:\/\/www.levandeo.de\/ratgeber\/wp-content\/uploads\/2024\/09\/Herbstliche-Deko-Ideen-fuer-Ihren-Garten-So-wird-er-zum-Hingucker-1024x366.jpg 1024w, https:\/\/www.levandeo.de\/ratgeber\/wp-content\/uploads\/2024\/09\/Herbstliche-Deko-Ideen-fuer-Ihren-Garten-So-wird-er-zum-Hingucker-768x274.jpg 768w, https:\/\/www.levandeo.de\/ratgeber\/wp-content\/uploads\/2024\/09\/Herbstliche-Deko-Ideen-fuer-Ihren-Garten-So-wird-er-zum-Hingucker.jpg 1120w\" sizes=\"(max-width: 300px) 100vw, 300px\" \/><\/div><\/a>\n\t\t\t\t<div class=\"elementor-post__text\">\n\t\t\t\t<h3 class=\"elementor-post__title\">\n\t\t\t<a href=\"https:\/\/www.levandeo.de\/ratgeber\/herbstliche-deko-ideen-fuer-ihren-garten-so-wird-er-zum-hingucker\/\" >\n\t\t\t\tHerbstliche Deko-Ideen f\u00fcr Ihren Garten &#8211; So wird er zum Hingucker\t\t\t<\/a>\n\t\t<\/h3>\n\t\t\t\t<\/div>\n\t\t\t\t\t<\/div>\n\t\t<\/article>\n\t\t\t\t<article class=\"elementor-post elementor-grid-item post-2206 post type-post status-publish format-standard has-post-thumbnail hentry category-gartenideen\">\n\t\t\t<div class=\"elementor-post__card\">\n\t\t\t\t<a class=\"elementor-post__thumbnail__link\" href=\"https:\/\/www.levandeo.de\/ratgeber\/blumentoepfe-fuer-ihre-pflanzen-so-finden-sie-den-richtigen\/\" ><div class=\"elementor-post__thumbnail\"><img width=\"300\" height=\"107\" src=\"https:\/\/www.levandeo.de\/ratgeber\/wp-content\/uploads\/2024\/07\/Blumentoepfe-fuer-Ihre-Pflanzen-So-finden-Sie-den-richtigen-300x107.jpg\" class=\"attachment-medium size-medium wp-image-2212\" alt=\"Blument\u00f6pfe f\u00fcr Ihre Pflanzen - So finden Sie den richtigen\" decoding=\"async\" loading=\"lazy\" srcset=\"https:\/\/www.levandeo.de\/ratgeber\/wp-content\/uploads\/2024\/07\/Blumentoepfe-fuer-Ihre-Pflanzen-So-finden-Sie-den-richtigen-300x107.jpg 300w, https:\/\/www.levandeo.de\/ratgeber\/wp-content\/uploads\/2024\/07\/Blumentoepfe-fuer-Ihre-Pflanzen-So-finden-Sie-den-richtigen-1024x366.jpg 1024w, https:\/\/www.levandeo.de\/ratgeber\/wp-content\/uploads\/2024\/07\/Blumentoepfe-fuer-Ihre-Pflanzen-So-finden-Sie-den-richtigen-768x274.jpg 768w, https:\/\/www.levandeo.de\/ratgeber\/wp-content\/uploads\/2024\/07\/Blumentoepfe-fuer-Ihre-Pflanzen-So-finden-Sie-den-richtigen.jpg 1120w\" sizes=\"(max-width: 300px) 100vw, 300px\" \/><\/div><\/a>\n\t\t\t\t<div class=\"elementor-post__text\">\n\t\t\t\t<h3 class=\"elementor-post__title\">\n\t\t\t<a href=\"https:\/\/www.levandeo.de\/ratgeber\/blumentoepfe-fuer-ihre-pflanzen-so-finden-sie-den-richtigen\/\" >\n\t\t\t\tBlument\u00f6pfe f\u00fcr Ihre Pflanzen &#8211; So finden Sie den richtigen\t\t\t<\/a>\n\t\t<\/h3>\n\t\t\t\t<\/div>\n\t\t\t\t\t<\/div>\n\t\t<\/article>\n\t\t\t\t<article class=\"elementor-post elementor-grid-item post-2056 post type-post status-publish format-standard has-post-thumbnail hentry category-allgemein category-gartenideen\">\n\t\t\t<div class=\"elementor-post__card\">\n\t\t\t\t<a class=\"elementor-post__thumbnail__link\" href=\"https:\/\/www.levandeo.de\/ratgeber\/stimmungsvolle-gartenbeleuchtung-wie-sie-ihren-garten-gezielt-beleuchten\/\" ><div class=\"elementor-post__thumbnail\"><img width=\"300\" height=\"107\" src=\"https:\/\/www.levandeo.de\/ratgeber\/wp-content\/uploads\/2024\/02\/gartenbeleuchtung-300x107.jpg\" class=\"attachment-medium size-medium wp-image-2063\" alt=\"Shutterstock.com\" decoding=\"async\" loading=\"lazy\" srcset=\"https:\/\/www.levandeo.de\/ratgeber\/wp-content\/uploads\/2024\/02\/gartenbeleuchtung-300x107.jpg 300w, https:\/\/www.levandeo.de\/ratgeber\/wp-content\/uploads\/2024\/02\/gartenbeleuchtung-1024x366.jpg 1024w, https:\/\/www.levandeo.de\/ratgeber\/wp-content\/uploads\/2024\/02\/gartenbeleuchtung-768x274.jpg 768w, https:\/\/www.levandeo.de\/ratgeber\/wp-content\/uploads\/2024\/02\/gartenbeleuchtung.jpg 1120w\" sizes=\"(max-width: 300px) 100vw, 300px\" \/><\/div><\/a>\n\t\t\t\t<div class=\"elementor-post__text\">\n\t\t\t\t<h3 class=\"elementor-post__title\">\n\t\t\t<a href=\"https:\/\/www.levandeo.de\/ratgeber\/stimmungsvolle-gartenbeleuchtung-wie-sie-ihren-garten-gezielt-beleuchten\/\" >\n\t\t\t\tStimmungsvolle Gartenbeleuchtung &#8211; Wie Sie Ihren Garten gezielt beleuchten\t\t\t<\/a>\n\t\t<\/h3>\n\t\t\t\t<\/div>\n\t\t\t\t\t<\/div>\n\t\t<\/article>\n\t\t\t\t<article class=\"elementor-post elementor-grid-item post-2020 post type-post status-publish format-standard has-post-thumbnail hentry category-allgemein category-gartenideen\">\n\t\t\t<div class=\"elementor-post__card\">\n\t\t\t\t<a class=\"elementor-post__thumbnail__link\" href=\"https:\/\/www.levandeo.de\/ratgeber\/ideen-fuer-ihre-winter-gartendeko\/\" ><div class=\"elementor-post__thumbnail\"><img width=\"300\" height=\"107\" src=\"https:\/\/www.levandeo.de\/ratgeber\/wp-content\/uploads\/2023\/12\/garten_deco-300x107.jpg\" class=\"attachment-medium size-medium wp-image-2029\" alt=\"Winter Gartendeko\" decoding=\"async\" loading=\"lazy\" srcset=\"https:\/\/www.levandeo.de\/ratgeber\/wp-content\/uploads\/2023\/12\/garten_deco-300x107.jpg 300w, https:\/\/www.levandeo.de\/ratgeber\/wp-content\/uploads\/2023\/12\/garten_deco-1024x366.jpg 1024w, https:\/\/www.levandeo.de\/ratgeber\/wp-content\/uploads\/2023\/12\/garten_deco-768x274.jpg 768w, https:\/\/www.levandeo.de\/ratgeber\/wp-content\/uploads\/2023\/12\/garten_deco.jpg 1120w\" sizes=\"(max-width: 300px) 100vw, 300px\" \/><\/div><\/a>\n\t\t\t\t<div class=\"elementor-post__text\">\n\t\t\t\t<h3 class=\"elementor-post__title\">\n\t\t\t<a href=\"https:\/\/www.levandeo.de\/ratgeber\/ideen-fuer-ihre-winter-gartendeko\/\" >\n\t\t\t\tZauberhafte Ideen f\u00fcr Ihre Winter Gartendeko: So gestalten Sie Ihren Garten winterlich\t\t\t<\/a>\n\t\t<\/h3>\n\t\t\t\t<\/div>\n\t\t\t\t\t<\/div>\n\t\t<\/article>\n\t\t\t\t<article class=\"elementor-post elementor-grid-item post-1905 post type-post status-publish format-standard has-post-thumbnail hentry category-gartenideen\">\n\t\t\t<div class=\"elementor-post__card\">\n\t\t\t\t<a class=\"elementor-post__thumbnail__link\" href=\"https:\/\/www.levandeo.de\/ratgeber\/gartendeko-ideen-so-wird-ihr-garten-zum-hingucker\/\" ><div class=\"elementor-post__thumbnail\"><img width=\"300\" height=\"107\" src=\"https:\/\/www.levandeo.de\/ratgeber\/wp-content\/uploads\/2023\/04\/Levandeo-1-300x107.png\" class=\"attachment-medium size-medium wp-image-1916\" alt=\"Gartenm\u00f6bel aus Holz im Herbst, gr\u00fcnes Gras. Niemand zu Hause im Garten mit Stuhl, Lounge. Entspannen Sie auf der Terrasse mit Decken, Kissen im Retro, Vintage-Dekoration.\" decoding=\"async\" loading=\"lazy\" srcset=\"https:\/\/www.levandeo.de\/ratgeber\/wp-content\/uploads\/2023\/04\/Levandeo-1-300x107.png 300w, https:\/\/www.levandeo.de\/ratgeber\/wp-content\/uploads\/2023\/04\/Levandeo-1-1024x366.png 1024w, https:\/\/www.levandeo.de\/ratgeber\/wp-content\/uploads\/2023\/04\/Levandeo-1-768x274.png 768w, https:\/\/www.levandeo.de\/ratgeber\/wp-content\/uploads\/2023\/04\/Levandeo-1.png 1120w\" sizes=\"(max-width: 300px) 100vw, 300px\" \/><\/div><\/a>\n\t\t\t\t<div class=\"elementor-post__text\">\n\t\t\t\t<h3 class=\"elementor-post__title\">\n\t\t\t<a href=\"https:\/\/www.levandeo.de\/ratgeber\/gartendeko-ideen-so-wird-ihr-garten-zum-hingucker\/\" >\n\t\t\t\tGartendeko Ideen &#8211; so wird Ihr Garten zum Hingucker\t\t\t<\/a>\n\t\t<\/h3>\n\t\t\t\t<\/div>\n\t\t\t\t\t<\/div>\n\t\t<\/article>\n\t\t\t\t<article class=\"elementor-post elementor-grid-item post-1590 post type-post status-publish format-standard has-post-thumbnail hentry category-gartenideen\">\n\t\t\t<div class=\"elementor-post__card\">\n\t\t\t\t<a class=\"elementor-post__thumbnail__link\" href=\"https:\/\/www.levandeo.de\/ratgeber\/osterdeko-fuer-draussen-die-schoensten-ideen-fuer-ihren-garten\/\" ><div class=\"elementor-post__thumbnail\"><img width=\"300\" height=\"107\" src=\"https:\/\/www.levandeo.de\/ratgeber\/wp-content\/uploads\/2022\/02\/shutterstock_1690281637_natalia_greeske-300x107.png\" class=\"attachment-medium size-medium wp-image-1595\" alt=\"Verschiedene Blumen im Topf, danebenl Osterhase\" decoding=\"async\" loading=\"lazy\" srcset=\"https:\/\/www.levandeo.de\/ratgeber\/wp-content\/uploads\/2022\/02\/shutterstock_1690281637_natalia_greeske-300x107.png 300w, https:\/\/www.levandeo.de\/ratgeber\/wp-content\/uploads\/2022\/02\/shutterstock_1690281637_natalia_greeske-1024x366.png 1024w, https:\/\/www.levandeo.de\/ratgeber\/wp-content\/uploads\/2022\/02\/shutterstock_1690281637_natalia_greeske-768x274.png 768w, https:\/\/www.levandeo.de\/ratgeber\/wp-content\/uploads\/2022\/02\/shutterstock_1690281637_natalia_greeske.png 1120w\" sizes=\"(max-width: 300px) 100vw, 300px\" \/><\/div><\/a>\n\t\t\t\t<div class=\"elementor-post__text\">\n\t\t\t\t<h3 class=\"elementor-post__title\">\n\t\t\t<a href=\"https:\/\/www.levandeo.de\/ratgeber\/osterdeko-fuer-draussen-die-schoensten-ideen-fuer-ihren-garten\/\" >\n\t\t\t\tOsterdeko f\u00fcr drau\u00dfen &#8211; die sch\u00f6nsten Ideen f\u00fcr Ihren Garten\t\t\t<\/a>\n\t\t<\/h3>\n\t\t\t\t<\/div>\n\t\t\t\t\t<\/div>\n\t\t<\/article>\n\t\t\t\t<article class=\"elementor-post elementor-grid-item post-1300 post type-post status-publish format-standard has-post-thumbnail hentry category-gartenideen\">\n\t\t\t<div class=\"elementor-post__card\">\n\t\t\t\t<a class=\"elementor-post__thumbnail__link\" href=\"https:\/\/www.levandeo.de\/ratgeber\/gartentrends-2023-so-starten-sie-diesen-sommer-in-die-gartensaison\/\" ><div class=\"elementor-post__thumbnail\"><img width=\"300\" height=\"107\" src=\"https:\/\/www.levandeo.de\/ratgeber\/wp-content\/uploads\/2021\/06\/garten-trends-2021-300x107.jpg\" class=\"attachment-medium size-medium wp-image-1311\" alt=\"Gem\u00fctliche Garten-Terrasse zum Verweilen und entspannen\" decoding=\"async\" loading=\"lazy\" srcset=\"https:\/\/www.levandeo.de\/ratgeber\/wp-content\/uploads\/2021\/06\/garten-trends-2021-300x107.jpg 300w, https:\/\/www.levandeo.de\/ratgeber\/wp-content\/uploads\/2021\/06\/garten-trends-2021-1024x366.jpg 1024w, https:\/\/www.levandeo.de\/ratgeber\/wp-content\/uploads\/2021\/06\/garten-trends-2021-768x274.jpg 768w, https:\/\/www.levandeo.de\/ratgeber\/wp-content\/uploads\/2021\/06\/garten-trends-2021.jpg 1120w\" sizes=\"(max-width: 300px) 100vw, 300px\" \/><\/div><\/a>\n\t\t\t\t<div class=\"elementor-post__text\">\n\t\t\t\t<h3 class=\"elementor-post__title\">\n\t\t\t<a href=\"https:\/\/www.levandeo.de\/ratgeber\/gartentrends-2023-so-starten-sie-diesen-sommer-in-die-gartensaison\/\" >\n\t\t\t\tGartentrends 2023: So starten Sie diesen Sommer in die Gartensaison\t\t\t<\/a>\n\t\t<\/h3>\n\t\t\t\t<\/div>\n\t\t\t\t\t<\/div>\n\t\t<\/article>\n\t\t\t\t<article class=\"elementor-post elementor-grid-item post-1284 post type-post status-publish format-standard has-post-thumbnail hentry category-gartenideen\">\n\t\t\t<div class=\"elementor-post__card\">\n\t\t\t\t<a class=\"elementor-post__thumbnail__link\" href=\"https:\/\/www.levandeo.de\/ratgeber\/urlaub-auf-balkonien-machen-sie-ihren-balkon-zum-wohlfuehlort\/\" ><div class=\"elementor-post__thumbnail\"><img width=\"300\" height=\"107\" src=\"https:\/\/www.levandeo.de\/ratgeber\/wp-content\/uploads\/2021\/05\/balkon-dekoration-300x107.jpg\" class=\"attachment-medium size-medium wp-image-1270\" alt=\"Balkon mit Lichterketten, Blumen und Kerzen im Abendlicht\" decoding=\"async\" loading=\"lazy\" srcset=\"https:\/\/www.levandeo.de\/ratgeber\/wp-content\/uploads\/2021\/05\/balkon-dekoration-300x107.jpg 300w, https:\/\/www.levandeo.de\/ratgeber\/wp-content\/uploads\/2021\/05\/balkon-dekoration-1024x366.jpg 1024w, https:\/\/www.levandeo.de\/ratgeber\/wp-content\/uploads\/2021\/05\/balkon-dekoration-768x274.jpg 768w, https:\/\/www.levandeo.de\/ratgeber\/wp-content\/uploads\/2021\/05\/balkon-dekoration.jpg 1120w\" sizes=\"(max-width: 300px) 100vw, 300px\" \/><\/div><\/a>\n\t\t\t\t<div class=\"elementor-post__text\">\n\t\t\t\t<h3 class=\"elementor-post__title\">\n\t\t\t<a href=\"https:\/\/www.levandeo.de\/ratgeber\/urlaub-auf-balkonien-machen-sie-ihren-balkon-zum-wohlfuehlort\/\" >\n\t\t\t\tUrlaub auf Balkonien: Machen Sie Ihren Balkon zum Wohlf\u00fchlort\t\t\t<\/a>\n\t\t<\/h3>\n\t\t\t\t<\/div>\n\t\t\t\t\t<\/div>\n\t\t<\/article>\n\t\t\t\t<article class=\"elementor-post elementor-grid-item post-1278 post type-post status-publish format-standard has-post-thumbnail hentry category-gartenideen\">\n\t\t\t<div class=\"elementor-post__card\">\n\t\t\t\t<a class=\"elementor-post__thumbnail__link\" href=\"https:\/\/www.levandeo.de\/ratgeber\/rustikaler-charme-so-setzen-sie-die-richtigen-akzente-mit-rostdeko-im-garten\/\" ><div class=\"elementor-post__thumbnail\"><img width=\"300\" height=\"107\" src=\"https:\/\/www.levandeo.de\/ratgeber\/wp-content\/uploads\/2021\/05\/rost-dekoration-300x107.jpg\" class=\"attachment-medium size-medium wp-image-1269\" alt=\"Rostige Deko-Herzen an Schn\u00fcren im Garten\" decoding=\"async\" loading=\"lazy\" srcset=\"https:\/\/www.levandeo.de\/ratgeber\/wp-content\/uploads\/2021\/05\/rost-dekoration-300x107.jpg 300w, https:\/\/www.levandeo.de\/ratgeber\/wp-content\/uploads\/2021\/05\/rost-dekoration-1024x366.jpg 1024w, https:\/\/www.levandeo.de\/ratgeber\/wp-content\/uploads\/2021\/05\/rost-dekoration-768x274.jpg 768w, https:\/\/www.levandeo.de\/ratgeber\/wp-content\/uploads\/2021\/05\/rost-dekoration.jpg 1120w\" sizes=\"(max-width: 300px) 100vw, 300px\" \/><\/div><\/a>\n\t\t\t\t<div class=\"elementor-post__text\">\n\t\t\t\t<h3 class=\"elementor-post__title\">\n\t\t\t<a href=\"https:\/\/www.levandeo.de\/ratgeber\/rustikaler-charme-so-setzen-sie-die-richtigen-akzente-mit-rostdeko-im-garten\/\" >\n\t\t\t\tRustikaler Charme: So setzen Sie die richtigen Akzente mit Rostdeko im Garten\t\t\t<\/a>\n\t\t<\/h3>\n\t\t\t\t<\/div>\n\t\t\t\t\t<\/div>\n\t\t<\/article>\n\t\t\t\t<article class=\"elementor-post elementor-grid-item post-1132 post type-post status-publish format-standard has-post-thumbnail hentry category-gartenideen category-allgemein\">\n\t\t\t<div class=\"elementor-post__card\">\n\t\t\t\t<a class=\"elementor-post__thumbnail__link\" href=\"https:\/\/www.levandeo.de\/ratgeber\/fruehjahrsdekoration-fuer-den-garten\/\" ><div class=\"elementor-post__thumbnail\"><img width=\"300\" height=\"107\" src=\"https:\/\/www.levandeo.de\/ratgeber\/wp-content\/uploads\/2021\/03\/deko-fuer-den-garten-300x107.jpg\" class=\"attachment-medium size-medium wp-image-1140\" alt=\"Fr\u00fchjahrsdekoration f\u00fcr den Garten\" decoding=\"async\" loading=\"lazy\" srcset=\"https:\/\/www.levandeo.de\/ratgeber\/wp-content\/uploads\/2021\/03\/deko-fuer-den-garten-300x107.jpg 300w, https:\/\/www.levandeo.de\/ratgeber\/wp-content\/uploads\/2021\/03\/deko-fuer-den-garten-1024x366.jpg 1024w, https:\/\/www.levandeo.de\/ratgeber\/wp-content\/uploads\/2021\/03\/deko-fuer-den-garten-768x274.jpg 768w, https:\/\/www.levandeo.de\/ratgeber\/wp-content\/uploads\/2021\/03\/deko-fuer-den-garten.jpg 1120w\" sizes=\"(max-width: 300px) 100vw, 300px\" \/><\/div><\/a>\n\t\t\t\t<div class=\"elementor-post__text\">\n\t\t\t\t<h3 class=\"elementor-post__title\">\n\t\t\t<a href=\"https:\/\/www.levandeo.de\/ratgeber\/fruehjahrsdekoration-fuer-den-garten\/\" >\n\t\t\t\tFr\u00fchjahrsdekoration f\u00fcr den Garten\t\t\t<\/a>\n\t\t<\/h3>\n\t\t\t\t<\/div>\n\t\t\t\t\t<\/div>\n\t\t<\/article>\n\t\t\t\t<\/div>\n\t\t\n\t\t\t\t<\/div>\n\t\t\t\t<\/div>\n\t\t\t\t\t\t<\/div>\n\t\t\t\t\t<\/div>\n\t\t<\/div>\n\t\t\t\t\t\t\t\t<\/div>\n\t\t\t\t\t<\/div>\n\t\t<\/section>\n\t\t\t\t\t\t\t\t\t<\/div>\n\t\t\t<\/div>\n\t\t\t\t\t<\/div>\n\t\t","protected":false},"excerpt":{"rendered":"","protected":false},"author":1,"featured_media":0,"parent":0,"menu_order":0,"comment_status":"closed","ping_status":"closed","template":"elementor_header_footer","meta":[],"_links":{"self":[{"href":"https:\/\/www.levandeo.de\/ratgeber\/wp-json\/wp\/v2\/pages\/309"}],"collection":[{"href":"https:\/\/www.levandeo.de\/ratgeber\/wp-json\/wp\/v2\/pages"}],"about":[{"href":"https:\/\/www.levandeo.de\/ratgeber\/wp-json\/wp\/v2\/types\/page"}],"author":[{"embeddable":true,"href":"https:\/\/www.levandeo.de\/ratgeber\/wp-json\/wp\/v2\/users\/1"}],"replies":[{"embeddable":true,"href":"https:\/\/www.levandeo.de\/ratgeber\/wp-json\/wp\/v2\/comments?post=309"}],"version-history":[{"count":32,"href":"https:\/\/www.levandeo.de\/ratgeber\/wp-json\/wp\/v2\/pages\/309\/revisions"}],"predecessor-version":[{"id":1667,"href":"https:\/\/www.levandeo.de\/ratgeber\/wp-json\/wp\/v2\/pages\/309\/revisions\/1667"}],"wp:attachment":[{"href":"https:\/\/www.levandeo.de\/ratgeber\/wp-json\/wp\/v2\/media?parent=309"}],"curies":[{"name":"wp","href":"https:\/\/api.w.org\/{rel}","templated":true}]}}